{"id":13,"date":"2023-06-09T14:51:40","date_gmt":"2023-06-09T14:51:40","guid":{"rendered":"https:\/\/mariaduncker.net\/?page_id=13"},"modified":"2023-11-12T13:31:22","modified_gmt":"2023-11-12T11:31:22","slug":"installations","status":"publish","type":"page","link":"https:\/\/mariaduncker.net\/index.php\/installations\/","title":{"rendered":"Installations"},"content":{"rendered":"\n<div class=\"wp-block-columns is-layout-flex wp-container-core-columns-is-layout-9d6595d7 wp-block-columns-is-layout-flex\">\n<div class=\"wp-block-column is-layout-flow wp-block-column-is-layout-flow\">\n<figure class=\"wp-block-image size-large\"><a href=\"https:\/\/mariaduncker.net\/index.php\/juuri-ja-juuri-hjartrot-sweetheart\/\"><img loading=\"lazy\" decoding=\"async\" width=\"1024\" height=\"768\" src=\"http:\/\/mariaduncker.net\/wp-content\/uploads\/2023\/11\/mi-duncker-install-juuri-11-3-1024x768.jpg\" alt=\"\" class=\"wp-image-1213\" srcset=\"https:\/\/mariaduncker.net\/wp-content\/uploads\/2023\/11\/mi-duncker-install-juuri-11-3-1024x768.jpg 1024w, https:\/\/mariaduncker.net\/wp-content\/uploads\/2023\/11\/mi-duncker-install-juuri-11-3-300x225.jpg 300w, https:\/\/mariaduncker.net\/wp-content\/uploads\/2023\/11\/mi-duncker-install-juuri-11-3-768x576.jpg 768w, https:\/\/mariaduncker.net\/wp-content\/uploads\/2023\/11\/mi-duncker-install-juuri-11-3.jpg 1500w\" sizes=\"auto, (max-width: 1024px) 100vw, 1024px\" \/><\/a><figcaption class=\"wp-element-caption\">Juuri ja juuri \/ Hj\u00e4rtrot \/ Sweetheart<a href=\"https:\/\/mariaduncker.net\/index.php\/juuri-ja-juuri-hjartrot-sweetheart\/\" data-type=\"page\" data-id=\"1153\">Juuri ja juuri \/ Hj\u00e4rtrot\u00a0\/ Sweetheart<\/a><\/figcaption><\/figure>\n<\/div>\n\n\n\n<div class=\"wp-block-column is-layout-flow wp-block-column-is-layout-flow\">\n<figure class=\"wp-block-image size-large\"><a href=\"https:\/\/mariaduncker.net\/index.php\/installations-2\/\"><img loading=\"lazy\" decoding=\"async\" width=\"1024\" height=\"576\" src=\"http:\/\/mariaduncker.net\/wp-content\/uploads\/2023\/07\/mi-duncker-instal-hevonenonhast1-1024x576.jpg\" alt=\"\" class=\"wp-image-420\" srcset=\"https:\/\/mariaduncker.net\/wp-content\/uploads\/2023\/07\/mi-duncker-instal-hevonenonhast1-1024x576.jpg 1024w, https:\/\/mariaduncker.net\/wp-content\/uploads\/2023\/07\/mi-duncker-instal-hevonenonhast1-300x169.jpg 300w, https:\/\/mariaduncker.net\/wp-content\/uploads\/2023\/07\/mi-duncker-instal-hevonenonhast1-768x432.jpg 768w, https:\/\/mariaduncker.net\/wp-content\/uploads\/2023\/07\/mi-duncker-instal-hevonenonhast1.jpg 1500w\" sizes=\"auto, (max-width: 1024px) 100vw, 1024px\" \/><\/a><figcaption class=\"wp-element-caption\"><a href=\"https:\/\/mariaduncker.net\/index.php\/installations-2\/\" data-type=\"page\" data-id=\"155\">Hevonen on H\u00e4st<\/a><\/figcaption><\/figure>\n<\/div>\n\n\n\n<div class=\"wp-block-column is-layout-flow wp-block-column-is-layout-flow\">\n<figure class=\"wp-block-image size-large\"><img loading=\"lazy\" decoding=\"async\" width=\"1024\" height=\"576\" src=\"http:\/\/mariaduncker.net\/wp-content\/uploads\/2023\/07\/mi-duncker-instal-evergreen-1024x576.jpg\" alt=\"\" class=\"wp-image-389\" srcset=\"https:\/\/mariaduncker.net\/wp-content\/uploads\/2023\/07\/mi-duncker-instal-evergreen-1024x576.jpg 1024w, https:\/\/mariaduncker.net\/wp-content\/uploads\/2023\/07\/mi-duncker-instal-evergreen-300x169.jpg 300w, https:\/\/mariaduncker.net\/wp-content\/uploads\/2023\/07\/mi-duncker-instal-evergreen-768x432.jpg 768w, https:\/\/mariaduncker.net\/wp-content\/uploads\/2023\/07\/mi-duncker-instal-evergreen.jpg 1280w\" sizes=\"auto, (max-width: 1024px) 100vw, 1024px\" \/><figcaption class=\"wp-element-caption\"><a href=\"https:\/\/mariaduncker.net\/index.php\/videos-02\/\" data-type=\"page\" data-id=\"202\">Evergreen installation<\/a><\/figcaption><\/figure>\n<\/div>\n<\/div>\n\n\n\n<div class=\"wp-block-columns is-layout-flex wp-container-core-columns-is-layout-9d6595d7 wp-block-columns-is-layout-flex\">\n<div class=\"wp-block-column is-layout-flow wp-block-column-is-layout-flow\">\n<figure class=\"wp-block-image size-full\"><a href=\"https:\/\/mariaduncker.net\/index.php\/installations-4\/\"><img loading=\"lazy\" decoding=\"async\" width=\"725\" height=\"481\" src=\"http:\/\/mariaduncker.net\/wp-content\/uploads\/2023\/07\/mi-duncker-instal-kumu.1.jpg\" alt=\"\" class=\"wp-image-383\" srcset=\"https:\/\/mariaduncker.net\/wp-content\/uploads\/2023\/07\/mi-duncker-instal-kumu.1.jpg 725w, https:\/\/mariaduncker.net\/wp-content\/uploads\/2023\/07\/mi-duncker-instal-kumu.1-300x199.jpg 300w\" sizes=\"auto, (max-width: 725px) 100vw, 725px\" \/><\/a><figcaption class=\"wp-element-caption\"><a href=\"https:\/\/mariaduncker.net\/index.php\/installations-4\/\" data-type=\"page\" data-id=\"159\">Ars Fennica, Kumu, Tallinn<\/a><\/figcaption><\/figure>\n<\/div>\n\n\n\n<div class=\"wp-block-column is-layout-flow wp-block-column-is-layout-flow\">\n<figure class=\"wp-block-image size-large\"><img loading=\"lazy\" decoding=\"async\" width=\"1024\" height=\"683\" src=\"http:\/\/mariaduncker.net\/wp-content\/uploads\/2023\/07\/mi-duncker-instal-stockholm5-1024x683.jpg\" alt=\"\" class=\"wp-image-398\" srcset=\"https:\/\/mariaduncker.net\/wp-content\/uploads\/2023\/07\/mi-duncker-instal-stockholm5-1024x683.jpg 1024w, https:\/\/mariaduncker.net\/wp-content\/uploads\/2023\/07\/mi-duncker-instal-stockholm5-300x200.jpg 300w, https:\/\/mariaduncker.net\/wp-content\/uploads\/2023\/07\/mi-duncker-instal-stockholm5-768x512.jpg 768w, https:\/\/mariaduncker.net\/wp-content\/uploads\/2023\/07\/mi-duncker-instal-stockholm5.jpg 1500w\" sizes=\"auto, (max-width: 1024px) 100vw, 1024px\" \/><figcaption class=\"wp-element-caption\"><a href=\"https:\/\/mariaduncker.net\/index.php\/installations-5\/\" data-type=\"page\" data-id=\"161\">Finland Huset, Stockholm<\/a><\/figcaption><\/figure>\n\n\n\n<p><\/p>\n<\/div>\n\n\n\n<div class=\"wp-block-column is-layout-flow wp-block-column-is-layout-flow\">\n<figure class=\"wp-block-image size-large\"><img loading=\"lazy\" decoding=\"async\" width=\"1024\" height=\"683\" src=\"http:\/\/mariaduncker.net\/wp-content\/uploads\/2023\/07\/mi-duncker-inst-fishy2-1-1024x683.jpg\" alt=\"\" class=\"wp-image-559\" srcset=\"https:\/\/mariaduncker.net\/wp-content\/uploads\/2023\/07\/mi-duncker-inst-fishy2-1-1024x683.jpg 1024w, https:\/\/mariaduncker.net\/wp-content\/uploads\/2023\/07\/mi-duncker-inst-fishy2-1-300x200.jpg 300w, https:\/\/mariaduncker.net\/wp-content\/uploads\/2023\/07\/mi-duncker-inst-fishy2-1-768x512.jpg 768w, https:\/\/mariaduncker.net\/wp-content\/uploads\/2023\/07\/mi-duncker-inst-fishy2-1.jpg 1500w\" sizes=\"auto, (max-width: 1024px) 100vw, 1024px\" \/><figcaption class=\"wp-element-caption\"><a href=\"https:\/\/mariaduncker.net\/index.php\/installations-6\/\" data-type=\"page\" data-id=\"163\">Fishy<\/a><\/figcaption><\/figure>\n<\/div>\n<\/div>\n\n\n\n<div class=\"wp-block-columns is-layout-flex wp-container-core-columns-is-layout-9d6595d7 wp-block-columns-is-layout-flex\">\n<div class=\"wp-block-column is-layout-flow wp-block-column-is-layout-flow\">\n<figure class=\"wp-block-image size-large\"><a href=\"https:\/\/mariaduncker.net\/index.php\/installations-7\/\"><img loading=\"lazy\" decoding=\"async\" width=\"1024\" height=\"768\" src=\"http:\/\/mariaduncker.net\/wp-content\/uploads\/2023\/07\/mi-duncker-instal-kasikadessa-1-1024x768.jpg\" alt=\"\" class=\"wp-image-553\" srcset=\"https:\/\/mariaduncker.net\/wp-content\/uploads\/2023\/07\/mi-duncker-instal-kasikadessa-1-1024x768.jpg 1024w, https:\/\/mariaduncker.net\/wp-content\/uploads\/2023\/07\/mi-duncker-instal-kasikadessa-1-300x225.jpg 300w, https:\/\/mariaduncker.net\/wp-content\/uploads\/2023\/07\/mi-duncker-instal-kasikadessa-1-768x576.jpg 768w, https:\/\/mariaduncker.net\/wp-content\/uploads\/2023\/07\/mi-duncker-instal-kasikadessa-1.jpg 1500w\" sizes=\"auto, (max-width: 1024px) 100vw, 1024px\" \/><\/a><figcaption class=\"wp-element-caption\"><a href=\"https:\/\/mariaduncker.net\/index.php\/installations-7\/\" data-type=\"page\" data-id=\"167\">K\u00e4sik\u00e4dess\u00e4<\/a><\/figcaption><\/figure>\n<\/div>\n\n\n\n<div class=\"wp-block-column is-layout-flow wp-block-column-is-layout-flow\">\n<figure class=\"wp-block-image size-large\"><a href=\"https:\/\/mariaduncker.net\/index.php\/installations-8\/\"><img loading=\"lazy\" decoding=\"async\" width=\"1024\" height=\"600\" src=\"http:\/\/mariaduncker.net\/wp-content\/uploads\/2023\/07\/mi-duncker-instal-juhannus-1024x600.jpg\" alt=\"\" class=\"wp-image-413\" srcset=\"https:\/\/mariaduncker.net\/wp-content\/uploads\/2023\/07\/mi-duncker-instal-juhannus-1024x600.jpg 1024w, https:\/\/mariaduncker.net\/wp-content\/uploads\/2023\/07\/mi-duncker-instal-juhannus-300x176.jpg 300w, https:\/\/mariaduncker.net\/wp-content\/uploads\/2023\/07\/mi-duncker-instal-juhannus-768x450.jpg 768w, https:\/\/mariaduncker.net\/wp-content\/uploads\/2023\/07\/mi-duncker-instal-juhannus.jpg 1500w\" sizes=\"auto, (max-width: 1024px) 100vw, 1024px\" \/><\/a><figcaption class=\"wp-element-caption\"><a href=\"https:\/\/mariaduncker.net\/index.php\/installations-8\/\" data-type=\"page\" data-id=\"169\">Juhannus<\/a><\/figcaption><\/figure>\n<\/div>\n\n\n\n<div class=\"wp-block-column is-layout-flow wp-block-column-is-layout-flow\">\n<figure class=\"wp-block-image size-large\"><a href=\"https:\/\/mariaduncker.net\/index.php\/juhlat-on-juhlittu\/\"><img loading=\"lazy\" decoding=\"async\" width=\"1024\" height=\"698\" src=\"http:\/\/mariaduncker.net\/wp-content\/uploads\/2023\/07\/mi-duncker-instal-juhlatonjuhlittu1-1024x698.jpg\" alt=\"\" class=\"wp-image-417\" srcset=\"https:\/\/mariaduncker.net\/wp-content\/uploads\/2023\/07\/mi-duncker-instal-juhlatonjuhlittu1-1024x698.jpg 1024w, https:\/\/mariaduncker.net\/wp-content\/uploads\/2023\/07\/mi-duncker-instal-juhlatonjuhlittu1-300x205.jpg 300w, https:\/\/mariaduncker.net\/wp-content\/uploads\/2023\/07\/mi-duncker-instal-juhlatonjuhlittu1-768x524.jpg 768w, https:\/\/mariaduncker.net\/wp-content\/uploads\/2023\/07\/mi-duncker-instal-juhlatonjuhlittu1.jpg 1500w\" sizes=\"auto, (max-width: 1024px) 100vw, 1024px\" \/><\/a><figcaption class=\"wp-element-caption\"><a href=\"https:\/\/mariaduncker.net\/index.php\/juhlat-on-juhlittu\/\" data-type=\"page\" data-id=\"282\">Juhlat on juhlittu<\/a><\/figcaption><\/figure>\n\n\n\n<p><\/p>\n<\/div>\n<\/div>\n\n\n\n<div class=\"wp-block-columns is-layout-flex wp-container-core-columns-is-layout-9d6595d7 wp-block-columns-is-layout-flex\">\n<div class=\"wp-block-column is-layout-flow wp-block-column-is-layout-flow\">\n<figure class=\"wp-block-image size-large\"><a href=\"https:\/\/mariaduncker.net\/index.php\/installations-1\/\"><img loading=\"lazy\" decoding=\"async\" width=\"1024\" height=\"768\" src=\"http:\/\/mariaduncker.net\/wp-content\/uploads\/2023\/07\/mi-duncker-instal-paeten-1-1024x768.jpg\" alt=\"\" class=\"wp-image-551\" srcset=\"https:\/\/mariaduncker.net\/wp-content\/uploads\/2023\/07\/mi-duncker-instal-paeten-1-1024x768.jpg 1024w, https:\/\/mariaduncker.net\/wp-content\/uploads\/2023\/07\/mi-duncker-instal-paeten-1-300x225.jpg 300w, https:\/\/mariaduncker.net\/wp-content\/uploads\/2023\/07\/mi-duncker-instal-paeten-1-768x576.jpg 768w, https:\/\/mariaduncker.net\/wp-content\/uploads\/2023\/07\/mi-duncker-instal-paeten-1.jpg 1500w\" sizes=\"auto, (max-width: 1024px) 100vw, 1024px\" \/><\/a><figcaption class=\"wp-element-caption\"><a href=\"https:\/\/mariaduncker.net\/index.php\/installations-1\/\" data-type=\"page\" data-id=\"147\">P\u00e5eten<\/a><\/figcaption><\/figure>\n<\/div>\n\n\n\n<div class=\"wp-block-column is-layout-flow wp-block-column-is-layout-flow\"><\/div>\n\n\n\n<div class=\"wp-block-column is-layout-flow wp-block-column-is-layout-flow\"><\/div>\n<\/div>\n","protected":false},"excerpt":{"rendered":"","protected":false},"author":2,"featured_media":0,"parent":0,"menu_order":0,"comment_status":"closed","ping_status":"closed","template":"","meta":{"footnotes":""},"class_list":["post-13","page","type-page","status-publish"],"_links":{"self":[{"href":"https:\/\/mariaduncker.net\/index.php\/wp-json\/wp\/v2\/pages\/13","targetHints":{"allow":["GET"]}}],"collection":[{"href":"https:\/\/mariaduncker.net\/index.php\/wp-json\/wp\/v2\/pages"}],"about":[{"href":"https:\/\/mariaduncker.net\/index.php\/wp-json\/wp\/v2\/types\/page"}],"author":[{"embeddable":true,"href":"https:\/\/mariaduncker.net\/index.php\/wp-json\/wp\/v2\/users\/2"}],"replies":[{"embeddable":true,"href":"https:\/\/mariaduncker.net\/index.php\/wp-json\/wp\/v2\/comments?post=13"}],"version-history":[{"count":37,"href":"https:\/\/mariaduncker.net\/index.php\/wp-json\/wp\/v2\/pages\/13\/revisions"}],"predecessor-version":[{"id":1249,"href":"https:\/\/mariaduncker.net\/index.php\/wp-json\/wp\/v2\/pages\/13\/revisions\/1249"}],"wp:attachment":[{"href":"https:\/\/mariaduncker.net\/index.php\/wp-json\/wp\/v2\/media?parent=13"}],"curies":[{"name":"wp","href":"https:\/\/api.w.org\/{rel}","templated":true}]}}